{"id":606,"date":"2025-10-25T10:18:22","date_gmt":"2025-10-25T10:18:22","guid":{"rendered":"https:\/\/lavender-chamois-573308.hostingersite.com\/despre-noi\/"},"modified":"2025-12-01T11:44:23","modified_gmt":"2025-12-01T11:44:23","slug":"despre-noi","status":"publish","type":"page","link":"https:\/\/moi-dom.md\/ro\/despre-noi\/","title":{"rendered":"Despre noi"},"content":{"rendered":"\t\t<div data-elementor-type=\"wp-page\" data-elementor-id=\"606\" class=\"elementor elementor-606 elementor-380\" wpc-filter-elementor-widget=\"1\" data-elementor-post-type=\"page\">\n\t\t\t\t<div class=\"elementor-element elementor-element-e70a583 e-con-full e-flex e-con e-parent\" data-id=\"e70a583\" data-element_type=\"container\" data-e-type=\"container\" data-settings=\"{&quot;background_background&quot;:&quot;classic&quot;}\">\n\t\t<div class=\"elementor-element elementor-element-df70d3a e-flex e-con-boxed e-con e-child\" data-id=\"df70d3a\" data-element_type=\"container\" data-e-type=\"container\" data-settings=\"{&quot;background_background&quot;:&quot;classic&quot;}\">\n\t\t\t\t\t<div class=\"e-con-inner\">\n\t\t\t\t<div class=\"elementor-element elementor-element-e5789eb elementor-widget elementor-widget-heading\" data-id=\"e5789eb\" data-element_type=\"widget\" data-e-type=\"widget\" data-widget_type=\"heading.default\">\n\t\t\t\t\t<h1 class=\"elementor-heading-title elementor-size-default\">Moi Dom - magazin de articole pentru cas\u0103 \u00een Moldova<\/h1>\t\t\t\t<\/div>\n\t\t\t\t<div class=\"elementor-element elementor-element-67fba8d elementor-widget elementor-widget-text-editor\" data-id=\"67fba8d\" data-element_type=\"widget\" data-e-type=\"widget\" data-widget_type=\"text-editor.default\">\n\t\t\t\t\t\t\t\t\t<p>Fiecare articol Moi Dom este o combina\u021bie de confort, stil \u0219i aten\u021bie.<\/p>\t\t\t\t\t\t\t\t<\/div>\n\t\t\t\t<div class=\"elementor-element elementor-element-828258d elementor-widget elementor-widget-button\" data-id=\"828258d\" data-element_type=\"widget\" data-e-type=\"widget\" data-widget_type=\"button.default\">\n\t\t\t\t\t\t\t\t\t\t<a class=\"elementor-button elementor-button-link elementor-size-sm\" href=\"https:\/\/moi-dom.md\/ro\/catalog-md\/\">\n\t\t\t\t\t\t<span class=\"elementor-button-content-wrapper\">\n\t\t\t\t\t\t<span class=\"elementor-button-icon\">\n\t\t\t\t<svg aria-hidden=\"true\" class=\"e-font-icon-svg e-fas-arrow-right\" viewBox=\"0 0 448 512\" xmlns=\"http:\/\/www.w3.org\/2000\/svg\"><path d=\"M190.5 66.9l22.2-22.2c9.4-9.4 24.6-9.4 33.9 0L441 239c9.4 9.4 9.4 24.6 0 33.9L246.6 467.3c-9.4 9.4-24.6 9.4-33.9 0l-22.2-22.2c-9.5-9.5-9.3-25 .4-34.3L311.4 296H24c-13.3 0-24-10.7-24-24v-32c0-13.3 10.7-24 24-24h287.4L190.9 101.2c-9.8-9.3-10-24.8-.4-34.3z\"><\/path><\/svg>\t\t\t<\/span>\n\t\t\t\t\t\t\t\t\t<span class=\"elementor-button-text\">Vezi catalogul<\/span>\n\t\t\t\t\t<\/span>\n\t\t\t\t\t<\/a>\n\t\t\t\t\t\t\t\t<\/div>\n\t\t\t\t\t<\/div>\n\t\t\t\t<\/div>\n\t\t<div class=\"elementor-element elementor-element-735fb5f e-flex e-con-boxed e-con e-child\" data-id=\"735fb5f\" data-element_type=\"container\" data-e-type=\"container\">\n\t\t\t\t\t<div class=\"e-con-inner\">\n\t\t<div class=\"elementor-element elementor-element-77be05e e-con-full e-flex e-con e-child\" data-id=\"77be05e\" data-element_type=\"container\" data-e-type=\"container\">\n\t\t\t\t<div class=\"elementor-element elementor-element-ca650a2 elementor-widget elementor-widget-image\" data-id=\"ca650a2\" data-element_type=\"widget\" data-e-type=\"widget\" data-widget_type=\"image.default\">\n\t\t\t\t\t\t\t\t\t\t\t\t\t\t\t<img fetchpriority=\"high\" decoding=\"async\" width=\"1536\" height=\"1024\" src=\"https:\/\/moi-dom.md\/wp-content\/uploads\/2025\/11\/A586A4EA-C6D1-4AF9-A3EE-FF74AB537D35.png\" class=\"attachment-2048x2048 size-2048x2048 wp-image-4023\" alt=\"\" srcset=\"https:\/\/moi-dom.md\/wp-content\/uploads\/2025\/11\/A586A4EA-C6D1-4AF9-A3EE-FF74AB537D35.png 1536w, https:\/\/moi-dom.md\/wp-content\/uploads\/2025\/11\/A586A4EA-C6D1-4AF9-A3EE-FF74AB537D35-300x200.png 300w, https:\/\/moi-dom.md\/wp-content\/uploads\/2025\/11\/A586A4EA-C6D1-4AF9-A3EE-FF74AB537D35-1024x683.png 1024w, https:\/\/moi-dom.md\/wp-content\/uploads\/2025\/11\/A586A4EA-C6D1-4AF9-A3EE-FF74AB537D35-768x512.png 768w, https:\/\/moi-dom.md\/wp-content\/uploads\/2025\/11\/A586A4EA-C6D1-4AF9-A3EE-FF74AB537D35-600x400.png 600w\" sizes=\"(max-width: 1536px) 100vw, 1536px\" \/>\t\t\t\t\t\t\t\t\t\t\t\t\t\t\t<\/div>\n\t\t\t\t<\/div>\n\t\t<div class=\"elementor-element elementor-element-0875f25 e-con-full e-flex e-con e-child\" data-id=\"0875f25\" data-element_type=\"container\" data-e-type=\"container\">\n\t\t\t\t<div class=\"elementor-element elementor-element-ff93bae elementor-widget elementor-widget-text-editor\" data-id=\"ff93bae\" data-element_type=\"widget\" data-e-type=\"widget\" data-widget_type=\"text-editor.default\">\n\t\t\t\t\t\t\t\t\t<p><strong>Magazinul online Moi Dom este un magazin de familie cu produse pentru cas\u0103 din Moldova, unde confortul \u0219i stilul se reg\u0103sesc \u00een fiecare detaliu.<\/strong><\/p><p class=\"p2\">Noi cre\u0103m un spa\u021biu \u00een care confortul se combin\u0103 cu frumuse\u021bea \u0219i func\u021bionalitatea.<\/p><p class=\"p2\">Fiecare articol Moi Dom v\u0103 ajut\u0103 s\u0103 transforma\u021bi casa \u00eentr-o reflectare a personalit\u0103\u021bii dvs., fie decor, accesorii pentru baie, articole pentru depozitare sau mici detalii care creeaz\u0103 o atmosfer\u0103 confortabil\u0103.<\/p><p class=\"p2\">Select\u0103m cu aten\u021bie colec\u021biile, inspir\u00e2ndu-ne din nuan\u021bele naturale, armonie \u0219i designul modern, pentru ca fiecare cas\u0103 s\u0103 devin\u0103 confortabil\u0103 \u0219i plin\u0103 de via\u021b\u0103.<\/p>\t\t\t\t\t\t\t\t<\/div>\n\t\t\t\t<\/div>\n\t\t\t\t\t<\/div>\n\t\t\t\t<\/div>\n\t\t<div class=\"elementor-element elementor-element-3190ac2 e-flex e-con-boxed e-con e-child\" data-id=\"3190ac2\" data-element_type=\"container\" data-e-type=\"container\">\n\t\t\t\t\t<div class=\"e-con-inner\">\n\t\t\t\t<div class=\"elementor-element elementor-element-8a02534 elementor-widget elementor-widget-heading\" data-id=\"8a02534\" data-element_type=\"widget\" data-e-type=\"widget\" data-widget_type=\"heading.default\">\n\t\t\t\t\t<h2 class=\"elementor-heading-title elementor-size-default\">Moi Dom este un magazin de articole pentru cas\u0103 administrat de o familie din Moldova.<\/h2>\t\t\t\t<\/div>\n\t\t\t\t<div class=\"elementor-element elementor-element-87644f5 elementor-widget elementor-widget-text-editor\" data-id=\"87644f5\" data-element_type=\"widget\" data-e-type=\"widget\" data-widget_type=\"text-editor.default\">\n\t\t\t\t\t\t\t\t\t<p class=\"p1\">Moi Dom este un magazin online de familie cu articole pentru cas\u0103, unde stilul, calitatea \u0219i confortul se combin\u0103 armonios \u00een fiecare detaliu.<\/p><p class=\"p1\">Noi v\u0103 ajut\u0103m s\u0103 creea\u021bi spa\u021bii confortabile \u0219i func\u021bionale, \u00een care e pl\u0103cut s\u0103 locui\u021bi \u0219i s\u0103 v\u0103 relaxa\u021bi.<\/p>\t\t\t\t\t\t\t\t<\/div>\n\t\t\t\t<div class=\"elementor-element elementor-element-3d22d99 elementor-widget elementor-widget-heading\" data-id=\"3d22d99\" data-element_type=\"widget\" data-e-type=\"widget\" data-widget_type=\"heading.default\">\n\t\t\t\t\t<h2 class=\"elementor-heading-title elementor-size-default\">Istoria noastr\u0103<\/h2>\t\t\t\t<\/div>\n\t\t\t\t<div class=\"elementor-element elementor-element-24560d1 elementor-widget elementor-widget-text-editor\" data-id=\"24560d1\" data-element_type=\"widget\" data-e-type=\"widget\" data-widget_type=\"text-editor.default\">\n\t\t\t\t\t\t\t\t\t<p class=\"p1\">Istoria Moi Dom a \u00eenceput \u00een anul 2000 cu importul de produse din plastic calitative pentru cas\u0103. Pe parcursul timpului, sortimentul s-a extins, iar ast\u0103zi oferim solu\u021bii moderne pentru depozitare, decor \u0219i organizarea spa\u021biului de locuit \u2014 de la produc\u0103torii principali din Italia, Turcia \u0219i Polonia.<\/p>\t\t\t\t\t\t\t\t<\/div>\n\t\t\t\t<div class=\"elementor-element elementor-element-410dc62 elementor-widget elementor-widget-heading\" data-id=\"410dc62\" data-element_type=\"widget\" data-e-type=\"widget\" data-widget_type=\"heading.default\">\n\t\t\t\t\t<h2 class=\"elementor-heading-title elementor-size-default\">Valorile noastre<\/h2>\t\t\t\t<\/div>\n\t\t\t\t<div class=\"elementor-element elementor-element-e22b42a elementor-widget elementor-widget-text-editor\" data-id=\"e22b42a\" data-element_type=\"widget\" data-e-type=\"widget\" data-widget_type=\"text-editor.default\">\n\t\t\t\t\t\t\t\t\t<p class=\"p1\">\ud83d\udcac \u201eCasa mea \u2013 confortul t\u0103u\u201d \u2013 este un principiu dup\u0103 care ne ghid\u0103m \u00een fiecare zi.<\/p><p class=\"p1\">Avem grij\u0103 de casa dumneavoastr\u0103 ca \u0219i de a noastr\u0103, aleg\u00e2nd produse care inspir\u0103 \u0219i creeaz\u0103 o atmosfer\u0103 confortabil\u0103.<\/p><p class=\"p1\">Uita\u021bi-v\u0103 \u00een <a title=\"Catalog\" href=\"https:\/\/moi-dom.md\/ro\/catalog-md\/\">catalogul MOI DOM<\/a> \u0219i alege\u021bi ceea ce va face casa dumneavoastr\u0103 cu adev\u0103rat special\u0103.<\/p>\t\t\t\t\t\t\t\t<\/div>\n\t\t\t\t<div class=\"elementor-element elementor-element-15b9c7b elementor-widget elementor-widget-heading\" data-id=\"15b9c7b\" data-element_type=\"widget\" data-e-type=\"widget\" data-widget_type=\"heading.default\">\n\t\t\t\t\t<h2 class=\"elementor-heading-title elementor-size-default\">Ce face Moi Dom special<\/h2>\t\t\t\t<\/div>\n\t\t\t\t<div class=\"elementor-element elementor-element-326d2ca elementor-widget elementor-widget-text-editor\" data-id=\"326d2ca\" data-element_type=\"widget\" data-e-type=\"widget\" data-widget_type=\"text-editor.default\">\n\t\t\t\t\t\t\t\t\t<p class=\"p1\">Noi select\u0103m cu aten\u021bie colec\u021biile, \u021bin\u00e2nd seam\u0103 de nuan\u021bele naturale, de calitatea materialelor \u0219i de designul modern.<\/p><p class=\"p1\">Clien\u021bii no\u0219tri apreciaz\u0103 posibilitatea de a alege produse care reflect\u0103 stilul lor \u0219i transform\u0103 casa \u00eentr-un loc \u00een care \u00eentotdeauna \u00ee\u021bi dore\u0219ti s\u0103 te \u00eentorci.<\/p>\t\t\t\t\t\t\t\t<\/div>\n\t\t\t\t\t<\/div>\n\t\t\t\t<\/div>\n\t\t<div class=\"elementor-element elementor-element-2088095 e-flex e-con-boxed e-con e-child\" data-id=\"2088095\" data-element_type=\"container\" data-e-type=\"container\" data-settings=\"{&quot;background_background&quot;:&quot;classic&quot;}\">\n\t\t\t\t\t<div class=\"e-con-inner\">\n\t\t<div class=\"elementor-element elementor-element-6dd79fe e-con-full e-flex e-con e-child\" data-id=\"6dd79fe\" data-element_type=\"container\" data-e-type=\"container\" data-settings=\"{&quot;background_background&quot;:&quot;classic&quot;}\">\n\t\t\t\t<div class=\"elementor-element elementor-element-739a05f elementor-widget elementor-widget-heading\" data-id=\"739a05f\" data-element_type=\"widget\" data-e-type=\"widget\" data-widget_type=\"heading.default\">\n\t\t\t\t\t<h2 class=\"elementor-heading-title elementor-size-default\">Casa este mai mult dec\u00e2t un loc.\nEste o stare de confort.<\/h2>\t\t\t\t<\/div>\n\t\t\t\t<div class=\"elementor-element elementor-element-fc11393 elementor-align-center elementor-tablet-align-center elementor-widget elementor-widget-button\" data-id=\"fc11393\" data-element_type=\"widget\" data-e-type=\"widget\" data-widget_type=\"button.default\">\n\t\t\t\t\t\t\t\t\t\t<a class=\"elementor-button elementor-button-link elementor-size-sm\" href=\"https:\/\/moi-dom.md\/ro\/catalog-md\/\">\n\t\t\t\t\t\t<span class=\"elementor-button-content-wrapper\">\n\t\t\t\t\t\t<span class=\"elementor-button-icon\">\n\t\t\t\t<svg aria-hidden=\"true\" class=\"e-font-icon-svg e-fas-arrow-right\" viewBox=\"0 0 448 512\" xmlns=\"http:\/\/www.w3.org\/2000\/svg\"><path d=\"M190.5 66.9l22.2-22.2c9.4-9.4 24.6-9.4 33.9 0L441 239c9.4 9.4 9.4 24.6 0 33.9L246.6 467.3c-9.4 9.4-24.6 9.4-33.9 0l-22.2-22.2c-9.5-9.5-9.3-25 .4-34.3L311.4 296H24c-13.3 0-24-10.7-24-24v-32c0-13.3 10.7-24 24-24h287.4L190.9 101.2c-9.8-9.3-10-24.8-.4-34.3z\"><\/path><\/svg>\t\t\t<\/span>\n\t\t\t\t\t\t\t\t\t<span class=\"elementor-button-text\">\u00cen magazin  <\/span>\n\t\t\t\t\t<\/span>\n\t\t\t\t\t<\/a>\n\t\t\t\t\t\t\t\t<\/div>\n\t\t\t\t<\/div>\n\t\t\t\t\t<\/div>\n\t\t\t\t<\/div>\n\t\t<div class=\"elementor-element elementor-element-3a05269 e-flex e-con-boxed e-con e-child\" data-id=\"3a05269\" data-element_type=\"container\" data-e-type=\"container\" data-settings=\"{&quot;background_background&quot;:&quot;classic&quot;}\">\n\t\t\t\t\t<div class=\"e-con-inner\">\n\t\t\t\t<div class=\"elementor-element elementor-element-29745ce elementor-widget elementor-widget-heading\" data-id=\"29745ce\" data-element_type=\"widget\" data-e-type=\"widget\" data-widget_type=\"heading.default\">\n\t\t\t\t\t<h2 class=\"elementor-heading-title elementor-size-default\">Ave\u021bi \u00eentreb\u0103ri? Suntem \u00eentotdeauna \u00een contact <\/h2>\t\t\t\t<\/div>\n\t\t\t\t<div class=\"elementor-element elementor-element-3fcadb5 elementor-widget elementor-widget-text-editor\" data-id=\"3fcadb5\" data-element_type=\"widget\" data-e-type=\"widget\" data-widget_type=\"text-editor.default\">\n\t\t\t\t\t\t\t\t\t<p>Scrie\u021bi-ne &#8211; vom fi bucuro\u0219i s\u0103 v\u0103 ajut\u0103m \u00een alegerea dumneavoastr\u0103, s\u0103 v\u0103 prezent\u0103m produsele \u0219i s\u0103 v\u0103 suger\u0103m cea mai bun\u0103 solu\u021bie pentru casa dumneavoastr\u0103.<\/p>\t\t\t\t\t\t\t\t<\/div>\n\t\t<div class=\"elementor-element elementor-element-0881f8a e-con-full e-flex e-con e-child\" data-id=\"0881f8a\" data-element_type=\"container\" data-e-type=\"container\">\n\t\t\t\t<div class=\"elementor-element elementor-element-f367fe2 elementor-widget elementor-widget-button\" data-id=\"f367fe2\" data-element_type=\"widget\" data-e-type=\"widget\" data-widget_type=\"button.default\">\n\t\t\t\t\t\t\t\t\t\t<a class=\"elementor-button elementor-button-link elementor-size-sm\" href=\"mailto:info@moi-dom.md\">\n\t\t\t\t\t\t<span class=\"elementor-button-content-wrapper\">\n\t\t\t\t\t\t<span class=\"elementor-button-icon\">\n\t\t\t\t<svg aria-hidden=\"true\" class=\"e-font-icon-svg e-fas-envelope\" viewBox=\"0 0 512 512\" xmlns=\"http:\/\/www.w3.org\/2000\/svg\"><path d=\"M502.3 190.8c3.9-3.1 9.7-.2 9.7 4.7V400c0 26.5-21.5 48-48 48H48c-26.5 0-48-21.5-48-48V195.6c0-5 5.7-7.8 9.7-4.7 22.4 17.4 52.1 39.5 154.1 113.6 21.1 15.4 56.7 47.8 92.2 47.6 35.7.3 72-32.8 92.3-47.6 102-74.1 131.6-96.3 154-113.7zM256 320c23.2.4 56.6-29.2 73.4-41.4 132.7-96.3 142.8-104.7 173.4-128.7 5.8-4.5 9.2-11.5 9.2-18.9v-19c0-26.5-21.5-48-48-48H48C21.5 64 0 85.5 0 112v19c0 7.4 3.4 14.3 9.2 18.9 30.6 23.9 40.7 32.4 173.4 128.7 16.8 12.2 50.2 41.8 73.4 41.4z\"><\/path><\/svg>\t\t\t<\/span>\n\t\t\t\t\t\t\t\t\t<span class=\"elementor-button-text\">Scrie\u021bi-ne<\/span>\n\t\t\t\t\t<\/span>\n\t\t\t\t\t<\/a>\n\t\t\t\t\t\t\t\t<\/div>\n\t\t\t\t<\/div>\n\t\t<div class=\"elementor-element elementor-element-9d706b5 e-con-full e-flex e-con e-child\" data-id=\"9d706b5\" data-element_type=\"container\" data-e-type=\"container\">\n\t\t\t\t<div class=\"elementor-element elementor-element-ce84913 elementor-widget elementor-widget-button\" data-id=\"ce84913\" data-element_type=\"widget\" data-e-type=\"widget\" data-widget_type=\"button.default\">\n\t\t\t\t\t\t\t\t\t\t<a class=\"elementor-button elementor-button-link elementor-size-sm\" href=\"tel:+37360881171\">\n\t\t\t\t\t\t<span class=\"elementor-button-content-wrapper\">\n\t\t\t\t\t\t<span class=\"elementor-button-icon\">\n\t\t\t\t<svg aria-hidden=\"true\" class=\"e-font-icon-svg e-fas-phone\" viewBox=\"0 0 512 512\" xmlns=\"http:\/\/www.w3.org\/2000\/svg\"><path d=\"M493.4 24.6l-104-24c-11.3-2.6-22.9 3.3-27.5 13.9l-48 112c-4.2 9.8-1.4 21.3 6.9 28l60.6 49.6c-36 76.7-98.9 140.5-177.2 177.2l-49.6-60.6c-6.8-8.3-18.2-11.1-28-6.9l-112 48C3.9 366.5-2 378.1.6 389.4l24 104C27.1 504.2 36.7 512 48 512c256.1 0 464-207.5 464-464 0-11.2-7.7-20.9-18.6-23.4z\"><\/path><\/svg>\t\t\t<\/span>\n\t\t\t\t\t\t\t\t\t<span class=\"elementor-button-text\">Suna\u021bi-ne<\/span>\n\t\t\t\t\t<\/span>\n\t\t\t\t\t<\/a>\n\t\t\t\t\t\t\t\t<\/div>\n\t\t\t\t<\/div>\n\t\t\t\t\t<\/div>\n\t\t\t\t<\/div>\n\t\t\t\t<\/div>\n\t\t\t\t<\/div>\n\t\t","protected":false},"excerpt":{"rendered":"<p>Moi Dom &#8211; magazin de articole pentru cas\u0103 \u00een Moldova Fiecare articol Moi Dom este o combina\u021bie de confort, stil \u0219i aten\u021bie. Vezi catalogul Magazinul online Moi Dom este un magazin de familie cu produse pentru cas\u0103 din Moldova, unde confortul \u0219i stilul se reg\u0103sesc \u00een fiecare detaliu. Noi cre\u0103m un spa\u021biu \u00een care confortul [&hellip;]<\/p>\n","protected":false},"author":1,"featured_media":0,"parent":0,"menu_order":0,"comment_status":"closed","ping_status":"closed","template":"elementor_header_footer","meta":{"footnotes":""},"class_list":["post-606","page","type-page","status-publish","hentry"],"_links":{"self":[{"href":"https:\/\/moi-dom.md\/ro\/wp-json\/wp\/v2\/pages\/606","targetHints":{"allow":["GET"]}}],"collection":[{"href":"https:\/\/moi-dom.md\/ro\/wp-json\/wp\/v2\/pages"}],"about":[{"href":"https:\/\/moi-dom.md\/ro\/wp-json\/wp\/v2\/types\/page"}],"author":[{"embeddable":true,"href":"https:\/\/moi-dom.md\/ro\/wp-json\/wp\/v2\/users\/1"}],"replies":[{"embeddable":true,"href":"https:\/\/moi-dom.md\/ro\/wp-json\/wp\/v2\/comments?post=606"}],"version-history":[{"count":25,"href":"https:\/\/moi-dom.md\/ro\/wp-json\/wp\/v2\/pages\/606\/revisions"}],"predecessor-version":[{"id":7605,"href":"https:\/\/moi-dom.md\/ro\/wp-json\/wp\/v2\/pages\/606\/revisions\/7605"}],"wp:attachment":[{"href":"https:\/\/moi-dom.md\/ro\/wp-json\/wp\/v2\/media?parent=606"}],"curies":[{"name":"wp","href":"https:\/\/api.w.org\/{rel}","templated":true}]}}