{"id":2036,"date":"2025-10-25T09:41:30","date_gmt":"2025-10-25T09:41:30","guid":{"rendered":"https:\/\/moi-dom.md\/politica-de-confidentialitate\/"},"modified":"2025-11-26T09:48:40","modified_gmt":"2025-11-26T09:48:40","slug":"politica-de-confidentialitate","status":"publish","type":"page","link":"https:\/\/moi-dom.md\/ro\/politica-de-confidentialitate\/","title":{"rendered":"Politica de confiden\u021bialitate"},"content":{"rendered":"\t\t<div data-elementor-type=\"wp-page\" data-elementor-id=\"2036\" class=\"elementor elementor-2036 elementor-370\" wpc-filter-elementor-widget=\"1\" data-elementor-post-type=\"page\">\n\t\t\t\t<div class=\"elementor-element elementor-element-26ced1d e-flex e-con-boxed e-con e-parent\" data-id=\"26ced1d\" data-element_type=\"container\" data-e-type=\"container\" data-settings=\"{&quot;background_background&quot;:&quot;classic&quot;}\">\n\t\t\t\t\t<div class=\"e-con-inner\">\n\t\t<div class=\"elementor-element elementor-element-d71f2d5 e-con-full e-flex e-con e-child\" data-id=\"d71f2d5\" data-element_type=\"container\" data-e-type=\"container\">\n\t\t\t\t<div class=\"elementor-element elementor-element-ebfa236 elementor-widget elementor-widget-heading\" data-id=\"ebfa236\" data-element_type=\"widget\" data-e-type=\"widget\" data-widget_type=\"heading.default\">\n\t\t\t\t\t<h2 class=\"elementor-heading-title elementor-size-default\">Politica de confiden\u021bialitate a magazinului online MOI DOM<\/h2>\t\t\t\t<\/div>\n\t\t\t\t<div class=\"elementor-element elementor-element-1c9f3b6 elementor-widget elementor-widget-text-editor\" data-id=\"1c9f3b6\" data-element_type=\"widget\" data-e-type=\"widget\" data-widget_type=\"text-editor.default\">\n\t\t\t\t\t\t\t\t\t<p style=\"font-weight: 400;\">  Prezenta politic\u0103 de confiden\u021bialitate (denumit\u0103 \u00een continuare &#8221; <strong>politica<\/strong>&#8222;) define\u0219te ordinea de prelucrare, stocare \u0219i protec\u021bie a datelor cu caracter personal pe care magazinul online <strong>MOI DOM<\/strong>, situat la <a href=\"https:\/\/moi-dom.md\/ro\/\">https:\/\/moi-dom.md,<\/a> le prime\u0219te de la utilizatorii site-ului (denumi\u021bi \u00een continuare &#8221; <strong>utilizatori<\/strong>&#8222;) atunci c\u00e2nd \u00eel utilizeaz\u0103, plaseaz\u0103 comenzi \u0219i interac\u021bioneaz\u0103 cu serviciile magazinului.<\/p><p style=\"font-weight: 400;\">Prin utilizarea site-ului <strong>moi-dom.md<\/strong>, utilizatorul confirm\u0103 consim\u021b\u0103m\u00e2ntul s\u0103u cu privire la prezenta politic\u0103 \u0219i la condi\u021biile de prelucrare a datelor cu caracter personal.<\/p><p style=\"font-weight: 400;\">\u00cen cazul \u00een care utilizatorul nu este de acord cu termenii \u0219i condi\u021biile, acesta trebuie s\u0103 \u00eenceteze s\u0103 utilizeze site-ul web \u0219i serviciile magazinului online.<\/p>\t\t\t\t\t\t\t\t<\/div>\n\t\t\t\t<\/div>\n\t\t<div class=\"elementor-element elementor-element-67fc2f5 e-con-full e-flex e-con e-child\" data-id=\"67fc2f5\" data-element_type=\"container\" data-e-type=\"container\">\n\t\t\t\t<div class=\"elementor-element elementor-element-6cd941c elementor-widget elementor-widget-heading\" data-id=\"6cd941c\" data-element_type=\"widget\" data-e-type=\"widget\" data-widget_type=\"heading.default\">\n\t\t\t\t\t<h2 class=\"elementor-heading-title elementor-size-default\">1. dispozi\u021bii generale<\/h2>\t\t\t\t<\/div>\n\t\t\t\t<div class=\"elementor-element elementor-element-87139a5 elementor-widget elementor-widget-text-editor\" data-id=\"87139a5\" data-element_type=\"widget\" data-e-type=\"widget\" data-widget_type=\"text-editor.default\">\n\t\t\t\t\t\t\t\t\t<p style=\"font-weight: 400;\">1.1. Prezenta Politic\u0103 este elaborat\u0103 \u00een conformitate cu Legea Republicii Moldova nr. 133 din 08.07.2011 &#8222;Cu privire la protec\u021bia datelor cu caracter personal&#8221;, precum \u0219i cu cerin\u021bele Regulamentului (UE) 2016\/679 (GDPR), \u0219i reglementeaz\u0103 prelucrarea \u0219i protec\u021bia informa\u021biilor cu caracter personal ale utilizatorilor magazinului online MOI DOM.<\/p><p style=\"font-weight: 400;\">1.2. Administra\u021bia magazinului online (denumit\u0103 \u00een continuare &#8211; <strong>Administra\u021bia<\/strong>) asigur\u0103 respectarea principiilor de legalitate, integritate, confiden\u021bialitate \u0219i securitate \u00een prelucrarea datelor cu caracter personal.<\/p><p style=\"font-weight: 400;\"><span style=\"font-weight: 400;\">1.3. Administra\u021bia nu verific\u0103 validitatea datelor cu caracter personal furnizate de utilizatori \u0219i presupune c\u0103 acestea sunt exacte \u0219i actualizate.<\/span><\/p>\t\t\t\t\t\t\t\t<\/div>\n\t\t\t\t<\/div>\n\t\t<div class=\"elementor-element elementor-element-5b7b5f0 e-con-full e-flex e-con e-child\" data-id=\"5b7b5f0\" data-element_type=\"container\" data-e-type=\"container\">\n\t\t\t\t<div class=\"elementor-element elementor-element-6fbf910 elementor-widget elementor-widget-heading\" data-id=\"6fbf910\" data-element_type=\"widget\" data-e-type=\"widget\" data-widget_type=\"heading.default\">\n\t\t\t\t\t<h2 class=\"elementor-heading-title elementor-size-default\">2. Datele cu caracter personal \u0219i modalit\u0103\u021bile de ob\u021binere a acestora<\/h2>\t\t\t\t<\/div>\n\t\t\t\t<div class=\"elementor-element elementor-element-f210f8c elementor-widget elementor-widget-text-editor\" data-id=\"f210f8c\" data-element_type=\"widget\" data-e-type=\"widget\" data-widget_type=\"text-editor.default\">\n\t\t\t\t\t\t\t\t\t<p style=\"font-weight: 400;\">2.1. Datele cu caracter personal ale utilizatorului pot fi ob\u021binute atunci c\u00e2nd:<\/p><ul style=\"font-weight: 400;\"><li>Atunci c\u00e2nd plasa\u021bi o comand\u0103 pe site;<\/li><li>abona\u021bi-v\u0103 la buletinul informativ pentru \u0219tiri \u0219i oferte speciale;<\/li><li>completarea formularelor de feedback;<\/li><li>interac\u021biunea cu administra\u021bia prin telefon sau e-mail.<\/li><\/ul><p style=\"font-weight: 400;\">2.2. Datele cu caracter personal care urmeaz\u0103 s\u0103 fie protejate includ:<\/p><ul style=\"font-weight: 400;\"><li>NUME;<\/li><li>num\u0103r de telefon;<\/li><li>adresa de po\u0219t\u0103 electronic\u0103 (e-mail);<\/li><li>adresa de livrare;<\/li><li>metoda de plat\u0103;<\/li><li>alte informa\u021bii necesare pentru \u00eendeplinirea comenzii.<\/li><\/ul><p style=\"font-weight: 400;\">2.3. De asemenea, magazinul online colecteaz\u0103 automat <strong>date anonime<\/strong>, inclusiv:<\/p><ul style=\"font-weight: 400;\"><li>Adresa IP a dispozitivului;<\/li><li>tipul \u0219i versiunea browserului;<\/li><li>data, ora \u0219i durata vizitei;<\/li><\/ul><p style=\"font-weight: 400;\"><span style=\"font-weight: 400;\">date din cookie-uri \u0219i pixeli de analiz\u0103 (Google Analytics, Meta Pixel).<\/span><\/p>\t\t\t\t\t\t\t\t<\/div>\n\t\t\t\t<\/div>\n\t\t<div class=\"elementor-element elementor-element-0b95b22 e-con-full e-flex e-con e-child\" data-id=\"0b95b22\" data-element_type=\"container\" data-e-type=\"container\">\n\t\t\t\t<div class=\"elementor-element elementor-element-b450ebb elementor-widget elementor-widget-heading\" data-id=\"b450ebb\" data-element_type=\"widget\" data-e-type=\"widget\" data-widget_type=\"heading.default\">\n\t\t\t\t\t<h2 class=\"elementor-heading-title elementor-size-default\">3. Scopurile prelucr\u0103rii datelor cu caracter personal<\/h2>\t\t\t\t<\/div>\n\t\t\t\t<div class=\"elementor-element elementor-element-9eaf380 elementor-widget elementor-widget-text-editor\" data-id=\"9eaf380\" data-element_type=\"widget\" data-e-type=\"widget\" data-widget_type=\"text-editor.default\">\n\t\t\t\t\t\t\t\t\t<p style=\"font-weight: 400;\">Datele cu caracter personal sunt prelucrate exclusiv pentru:<\/p><ul style=\"font-weight: 400;\"><li>\u00eenregistrare \u0219i comand\u0103;<\/li><li>\u00eendeplinirea \u0219i livrarea comenzilor;<\/li><li>informarea utilizatorului cu privire la stadiul comenzii;<\/li><li>feedback (clarificarea datelor, r\u0103spunsuri la \u00eentreb\u0103ri);<\/li><li>furnizarea de publicitate \u0219i oferte de marketing (cu acordul utilizatorului);<\/li><li>analiza performan\u021bei site-ului, statistici \u0219i optimizarea marketingului;<\/li><li>securitatea \u0219i prevenirea fraudei;<\/li><li>conformitatea cu cerin\u021bele legale.<\/li><\/ul>\t\t\t\t\t\t\t\t<\/div>\n\t\t\t\t<\/div>\n\t\t<div class=\"elementor-element elementor-element-47c2409 e-con-full e-flex e-con e-child\" data-id=\"47c2409\" data-element_type=\"container\" data-e-type=\"container\">\n\t\t\t\t<div class=\"elementor-element elementor-element-3bd41fe elementor-widget elementor-widget-heading\" data-id=\"3bd41fe\" data-element_type=\"widget\" data-e-type=\"widget\" data-widget_type=\"heading.default\">\n\t\t\t\t\t<h2 class=\"elementor-heading-title elementor-size-default\">4. stocarea \u0219i transmiterea datelor<\/h2>\t\t\t\t<\/div>\n\t\t\t\t<div class=\"elementor-element elementor-element-20ccd48 elementor-widget elementor-widget-text-editor\" data-id=\"20ccd48\" data-element_type=\"widget\" data-e-type=\"widget\" data-widget_type=\"text-editor.default\">\n\t\t\t\t\t\t\t\t\t<p style=\"font-weight: 400;\">4.1. Datele cu caracter personal sunt stocate \u00een sisteme de g\u0103zduire <strong>Hostinger.com<\/strong> securizate, precum \u0219i \u00een baze de date de servicii la care au acces numai angaja\u021bii autoriza\u021bi.<\/p><p style=\"font-weight: 400;\">4.2. Datele pot fi transmise c\u0103tre ter\u021bi numai \u00een urm\u0103toarele cazuri:<\/p><ul style=\"font-weight: 400;\"><li><strong>serviciilor de<\/strong> livrare pentru livrarea comenzilor;<\/li><li><strong>furnizori de pl\u0103\u021bi \u0219i b\u0103nci<\/strong> &#8211; pentru a accepta pl\u0103\u021bi (\u00een numerar sau online);<\/li><li><strong>sisteme analitice<\/strong> (Google Analytics, Meta Pixel) &#8211; pentru a analiza traficul \u0219i publicitatea;<\/li><\/ul><ul><li><strong>autorit\u0103\u021bilor statului<\/strong> &#8211; la cererea lor legal\u0103.<\/li><\/ul><p style=\"font-weight: 400;\">4.3. Transferul de date se efectueaz\u0103 \u00een conformitate cu toate m\u0103surile de protec\u021bie \u0219i confiden\u021bialitate.<\/p>\t\t\t\t\t\t\t\t<\/div>\n\t\t\t\t<\/div>\n\t\t<div class=\"elementor-element elementor-element-14d0f09 e-con-full e-flex e-con e-child\" data-id=\"14d0f09\" data-element_type=\"container\" data-e-type=\"container\">\n\t\t\t\t<div class=\"elementor-element elementor-element-6df328c elementor-widget elementor-widget-heading\" data-id=\"6df328c\" data-element_type=\"widget\" data-e-type=\"widget\" data-widget_type=\"heading.default\">\n\t\t\t\t\t<h2 class=\"elementor-heading-title elementor-size-default\">5. Perioada de p\u0103strare a datelor<\/h2>\t\t\t\t<\/div>\n\t\t\t\t<div class=\"elementor-element elementor-element-cb8b516 elementor-widget elementor-widget-text-editor\" data-id=\"cb8b516\" data-element_type=\"widget\" data-e-type=\"widget\" data-widget_type=\"text-editor.default\">\n\t\t\t\t\t\t\t\t\t<p style=\"font-weight: 400;\">Datele cu caracter personal sunt stocate pentru perioada necesar\u0103 realiz\u0103rii scopurilor prelucr\u0103rii lor, dar nu mai mult de 5 ani de la ultima interac\u021biune a utilizatorului cu site-ul, cu excep\u021bia cazului \u00een care legisla\u021bia prevede altfel. Dup\u0103 expirarea perioadei de stocare, datele sunt \u0219terse sau anonimizate. <\/p>\t\t\t\t\t\t\t\t<\/div>\n\t\t\t\t<\/div>\n\t\t<div class=\"elementor-element elementor-element-56bafd6 e-con-full e-flex e-con e-child\" data-id=\"56bafd6\" data-element_type=\"container\" data-e-type=\"container\">\n\t\t\t\t<div class=\"elementor-element elementor-element-ff3a2a7 elementor-widget elementor-widget-heading\" data-id=\"ff3a2a7\" data-element_type=\"widget\" data-e-type=\"widget\" data-widget_type=\"heading.default\">\n\t\t\t\t\t<h2 class=\"elementor-heading-title elementor-size-default\">6. M\u0103suri de protec\u021bie a datelor<\/h2>\t\t\t\t<\/div>\n\t\t\t\t<div class=\"elementor-element elementor-element-f07c415 elementor-widget elementor-widget-text-editor\" data-id=\"f07c415\" data-element_type=\"widget\" data-e-type=\"widget\" data-widget_type=\"text-editor.default\">\n\t\t\t\t\t\t\t\t\t<p style=\"font-weight: 400;\">Administra\u021bia aplic\u0103 m\u0103suri organizatorice \u0219i tehnice pentru a proteja datele cu caracter personal \u00eempotriva accesului neautorizat, modific\u0103rii, divulg\u0103rii, distrugerii, inclusiv:<\/p><ul style=\"font-weight: 400;\"><li>stocarea datelor pe servere securizate;<\/li><li>criptarea conexiunii (SSL);<\/li><li>limitarea accesului angaja\u021bilor \u00een func\u021bie de nivelul de autorizare;<\/li><li>backup \u0219i audit de securitate.<\/li><\/ul>\t\t\t\t\t\t\t\t<\/div>\n\t\t\t\t<\/div>\n\t\t<div class=\"elementor-element elementor-element-98e2f83 e-con-full e-flex e-con e-child\" data-id=\"98e2f83\" data-element_type=\"container\" data-e-type=\"container\">\n\t\t\t\t<div class=\"elementor-element elementor-element-f8f0cd4 elementor-widget elementor-widget-heading\" data-id=\"f8f0cd4\" data-element_type=\"widget\" data-e-type=\"widget\" data-widget_type=\"heading.default\">\n\t\t\t\t\t<h2 class=\"elementor-heading-title elementor-size-default\">7. Drepturile utilizatorului<\/h2>\t\t\t\t<\/div>\n\t\t\t\t<div class=\"elementor-element elementor-element-3927d49 elementor-widget elementor-widget-text-editor\" data-id=\"3927d49\" data-element_type=\"widget\" data-e-type=\"widget\" data-widget_type=\"text-editor.default\">\n\t\t\t\t\t\t\t\t\t<p style=\"font-weight: 400;\">Utilizatorul are dreptul de a:<\/p><ul><li>s\u0103 primeasc\u0103 informa\u021bii cu privire la metodele, scopurile \u0219i temeiul juridic pentru prelucrarea datelor sale cu caracter personal;<\/li><li>s\u0103 solicite actualizarea, clarificarea, blocarea sau \u0219tergerea datelor lor;<\/li><li>retragerea consim\u021b\u0103m\u00e2ntului pentru prelucrarea datelor prin trimiterea unei cereri la<strong>e-mail:info@moi-dom.md;<\/strong><\/li><li>s\u0103 atace ac\u021biunile sau inac\u021biunile Administra\u021biei la Centrul Na\u021bional pentru Protec\u021bia Datelor cu Caracter Personal <strong>din Republica Moldova<\/strong>(Centrul Na\u021bional pentru Protec\u021bia Datelor cu Caracter Personal).<\/li><\/ul><p style=\"font-weight: 400;\">\ud83d\udccd <strong>Adresa:<\/strong> Republica Moldova, Chi\u0219in\u0103u, 48, S. Lazo str.<\/p><p style=\"font-weight: 400;\">\ud83d\udcde <strong>Telefon:<\/strong> +373 (22) 820-80<\/p><p style=\"font-weight: 400;\">\ud83c\udf10 S <strong>ite web:<\/strong> <a href=\"https:\/\/www.datepersonale.md\/\" target=\"_blank\" rel=\"noopener\">www.datepersonale.md<\/a><\/p>\t\t\t\t\t\t\t\t<\/div>\n\t\t\t\t<\/div>\n\t\t<div class=\"elementor-element elementor-element-f891c1f e-con-full e-flex e-con e-child\" data-id=\"f891c1f\" data-element_type=\"container\" data-e-type=\"container\">\n\t\t\t\t<div class=\"elementor-element elementor-element-0b3cc8a elementor-widget elementor-widget-heading\" data-id=\"0b3cc8a\" data-element_type=\"widget\" data-e-type=\"widget\" data-widget_type=\"heading.default\">\n\t\t\t\t\t<h2 class=\"elementor-heading-title elementor-size-default\">8. R\u0103spunderea p\u0103r\u021bilor<\/h2>\t\t\t\t<\/div>\n\t\t\t\t<div class=\"elementor-element elementor-element-646e75f elementor-widget elementor-widget-text-editor\" data-id=\"646e75f\" data-element_type=\"widget\" data-e-type=\"widget\" data-widget_type=\"text-editor.default\">\n\t\t\t\t\t\t\t\t\t<p style=\"font-weight: 400;\">8.1. Administra\u021bia este responsabil\u0103 de securitatea datelor personale ale utilizatorilor \u00een conformitate cu legisla\u021bia \u00een vigoare.<\/p><p style=\"font-weight: 400;\">8.2 <strong>Magazinul online nu va fi r\u0103spunz\u0103tor<\/strong> dac\u0103:<\/p><ul><li>datele au fost furnizate de c\u0103tre utilizator unor ter\u021bi;<\/li><li>accesul neautorizat a avut loc din motive independente de voin\u021ba administra\u021biei;<\/li><li>Utilizatorul a pus datele la dispozi\u021bia publicului \u00een mod independent.<\/li><\/ul><p style=\"font-weight: 400;\"> <\/p>\t\t\t\t\t\t\t\t<\/div>\n\t\t\t\t<\/div>\n\t\t<div class=\"elementor-element elementor-element-b18494d e-con-full e-flex e-con e-child\" data-id=\"b18494d\" data-element_type=\"container\" data-e-type=\"container\">\n\t\t\t\t<div class=\"elementor-element elementor-element-8242fa5 elementor-widget elementor-widget-heading\" data-id=\"8242fa5\" data-element_type=\"widget\" data-e-type=\"widget\" data-widget_type=\"heading.default\">\n\t\t\t\t\t<h2 class=\"elementor-heading-title elementor-size-default\">9. Modific\u0103ri ale politicii<\/h2>\t\t\t\t<\/div>\n\t\t\t\t<div class=\"elementor-element elementor-element-416b03e elementor-widget elementor-widget-text-editor\" data-id=\"416b03e\" data-element_type=\"widget\" data-e-type=\"widget\" data-widget_type=\"text-editor.default\">\n\t\t\t\t\t\t\t\t\t<div><p>9.1 <span lang=\"RU\">Administra\u021bia<\/span> \u00ee\u0219i rezerv\u0103 dreptul de a modifica aceast\u0103 Politic\u0103 \u00een orice moment, f\u0103r\u0103 notificarea prealabil\u0103 a Utilizatorilor.<\/p><\/div><div><p>9.2. Noua versiune a politicii intr\u0103 \u00een vigoare din momentul public\u0103rii sale pe site-ul web<span class=\"apple-converted-space\"> <\/span><a href=\"https:\/\/moi-dom.md\/ro\/\" target=\"_new\">https:\/\/moi-dom.md.<\/a><\/p><\/div><div><p>9.3. Pentru \u00eentreb\u0103ri legate de prelucrarea datelor cu caracter personal, v\u0103 rug\u0103m s\u0103 contacta\u021bi:<span class=\"apple-converted-space\"> <\/span><a href=\"mailto:info@moi-dom.md\"><span lang=\"RU\">info@moi-dom.md<\/span><\/a> sau la num\u0103rul de telefon <strong>+373 6<\/strong><strong><span lang=\"RU\">0<\/span><\/strong> <strong><span lang=\"RU\">881<\/span><\/strong> <strong><span lang=\"RU\">171<\/span><\/strong>.<\/p><\/div>\t\t\t\t\t\t\t\t<\/div>\n\t\t\t\t<\/div>\n\t\t<div class=\"elementor-element elementor-element-41ee6f3 e-con-full e-flex e-con e-child\" data-id=\"41ee6f3\" data-element_type=\"container\" data-e-type=\"container\">\n\t\t\t\t<div class=\"elementor-element elementor-element-6ef3df2 elementor-widget elementor-widget-heading\" data-id=\"6ef3df2\" data-element_type=\"widget\" data-e-type=\"widget\" data-widget_type=\"heading.default\">\n\t\t\t\t\t<h2 class=\"elementor-heading-title elementor-size-default\">Apreciem \u00eencrederea pe care ne-o acorda\u021bi atunci c\u00e2nd alege\u021bi Moi Dom.\nFiecare comand\u0103, fiecare \u00eenregistrare \u0219i fiecare detaliu de pe site-ul nostru este protejat de func\u021bii de securitate de ultim\u0103 genera\u021bie.<\/h2>\t\t\t\t<\/div>\n\t\t\t\t<div class=\"elementor-element elementor-element-2307f3f elementor-widget elementor-widget-heading\" data-id=\"2307f3f\" data-element_type=\"widget\" data-e-type=\"widget\" data-widget_type=\"heading.default\">\n\t\t\t\t\t<h2 class=\"elementor-heading-title elementor-size-default\">\ud83d\udee1\ufe0f Moi Dom \u00eenseamn\u0103 confort, stil \u0219i \u00eencredere \u00een securitatea datelor dumneavoastr\u0103.<\/h2>\t\t\t\t<\/div>\n\t\t\t\t<\/div>\n\t\t\t\t\t<\/div>\n\t\t\t\t<\/div>\n\t\t\t\t<\/div>\n\t\t","protected":false},"excerpt":{"rendered":"<p>Politica de confiden\u021bialitate a magazinului online MOI DOM Prezenta politic\u0103 de confiden\u021bialitate (denumit\u0103 \u00een continuare &#8221; politica&#8222;) define\u0219te ordinea de prelucrare, stocare \u0219i protec\u021bie a datelor cu caracter personal pe care magazinul online MOI DOM, situat la https:\/\/moi-dom.md, le prime\u0219te de la utilizatorii site-ului (denumi\u021bi \u00een continuare &#8221; utilizatori&#8222;) atunci c\u00e2nd \u00eel utilizeaz\u0103, plaseaz\u0103 comenzi [&hellip;]<\/p>\n","protected":false},"author":1,"featured_media":0,"parent":0,"menu_order":0,"comment_status":"closed","ping_status":"closed","template":"elementor_header_footer","meta":{"footnotes":""},"class_list":["post-2036","page","type-page","status-publish","hentry"],"_links":{"self":[{"href":"https:\/\/moi-dom.md\/ro\/wp-json\/wp\/v2\/pages\/2036","targetHints":{"allow":["GET"]}}],"collection":[{"href":"https:\/\/moi-dom.md\/ro\/wp-json\/wp\/v2\/pages"}],"about":[{"href":"https:\/\/moi-dom.md\/ro\/wp-json\/wp\/v2\/types\/page"}],"author":[{"embeddable":true,"href":"https:\/\/moi-dom.md\/ro\/wp-json\/wp\/v2\/users\/1"}],"replies":[{"embeddable":true,"href":"https:\/\/moi-dom.md\/ro\/wp-json\/wp\/v2\/comments?post=2036"}],"version-history":[{"count":5,"href":"https:\/\/moi-dom.md\/ro\/wp-json\/wp\/v2\/pages\/2036\/revisions"}],"predecessor-version":[{"id":6362,"href":"https:\/\/moi-dom.md\/ro\/wp-json\/wp\/v2\/pages\/2036\/revisions\/6362"}],"wp:attachment":[{"href":"https:\/\/moi-dom.md\/ro\/wp-json\/wp\/v2\/media?parent=2036"}],"curies":[{"name":"wp","href":"https:\/\/api.w.org\/{rel}","templated":true}]}}